{"id":14212,"date":"2026-01-28T06:55:08","date_gmt":"2026-01-28T06:55:08","guid":{"rendered":"https:\/\/distinctpersonality.shop\/?post_type=product&#038;p=14212"},"modified":"2026-03-19T02:51:00","modified_gmt":"2026-03-19T02:51:00","slug":"netto-xxl-probierbox-fur-nur-2490-50-sparen-mix-aus-20-artikeln-aus-dem-netto-eigenmarkensortiment-marken-discount","status":"publish","type":"product","link":"https:\/\/distinctpersonality.shop\/de\/produkt\/netto-xxl-probierbox-fur-nur-2490-50-sparen-mix-aus-20-artikeln-aus-dem-netto-eigenmarkensortiment-marken-discount\/","title":{"rendered":"Netto XXL-Probierbox f\u00fcr nur 24,90 50% sparen - Mix aus 20 Artikeln aus dem Netto-Eigenmarkensortiment Marken-Discount"},"content":{"rendered":"<div data-elementor-type=\"product-post\" data-elementor-id=\"14212\" class=\"elementor elementor-14212\" data-elementor-post-type=\"product\">\n\t\t\t\t<div class=\"elementor-element elementor-element-1ca6f53b e-flex e-con-boxed e-con e-parent\" data-id=\"1ca6f53b\" data-element_type=\"container\" data-settings=\"{&quot;ekit_has_onepagescroll_dot&quot;:&quot;yes&quot;}\">\n\t\t\t\t\t<div class=\"e-con-inner\">\n\t\t\t\t<div class=\"elementor-element elementor-element-686c1ab1 elementor-widget elementor-widget-image\" data-id=\"686c1ab1\" data-element_type=\"widget\" data-settings=\"{&quot;ekit_we_effect_on&quot;:&quot;none&quot;}\" data-widget_type=\"image.default\">\n\t\t\t\t<div class=\"elementor-widget-container\">\n\t\t\t\t\t\t\t\t\t\t\t\t\t\t\t<img loading=\"lazy\" decoding=\"async\" width=\"384\" height=\"384\" src=\"https:\/\/distinctpersonality.shop\/wp-content\/uploads\/2026\/03\/157df0770e8c4bf09883e1d474ee6ddd.jpegtplv-a9rns2rl98-downsize_watermark_1_5_b-4.png\" class=\"attachment-large size-large wp-image-14713 wvs-archive-product-image\" alt=\"\" srcset=\"https:\/\/distinctpersonality.shop\/wp-content\/uploads\/2026\/03\/157df0770e8c4bf09883e1d474ee6ddd.jpegtplv-a9rns2rl98-downsize_watermark_1_5_b-4.png 384w, https:\/\/distinctpersonality.shop\/wp-content\/uploads\/2026\/03\/157df0770e8c4bf09883e1d474ee6ddd.jpegtplv-a9rns2rl98-downsize_watermark_1_5_b-4-300x300.png 300w, https:\/\/distinctpersonality.shop\/wp-content\/uploads\/2026\/03\/157df0770e8c4bf09883e1d474ee6ddd.jpegtplv-a9rns2rl98-downsize_watermark_1_5_b-4-150x150.png 150w, https:\/\/distinctpersonality.shop\/wp-content\/uploads\/2026\/03\/157df0770e8c4bf09883e1d474ee6ddd.jpegtplv-a9rns2rl98-downsize_watermark_1_5_b-4-12x12.png 12w, https:\/\/distinctpersonality.shop\/wp-content\/uploads\/2026\/03\/157df0770e8c4bf09883e1d474ee6ddd.jpegtplv-a9rns2rl98-downsize_watermark_1_5_b-4-100x100.png 100w, https:\/\/distinctpersonality.shop\/wp-content\/uploads\/2026\/03\/157df0770e8c4bf09883e1d474ee6ddd.jpegtplv-a9rns2rl98-downsize_watermark_1_5_b-4-50x50.png 50w, https:\/\/distinctpersonality.shop\/wp-content\/uploads\/2026\/03\/157df0770e8c4bf09883e1d474ee6ddd.jpegtplv-a9rns2rl98-downsize_watermark_1_5_b-4-1x1.png 1w, https:\/\/distinctpersonality.shop\/wp-content\/uploads\/2026\/03\/157df0770e8c4bf09883e1d474ee6ddd.jpegtplv-a9rns2rl98-downsize_watermark_1_5_b-4-10x10.png 10w\" sizes=\"auto, (max-width: 384px) 100vw, 384px\" \/>\t\t\t\t\t\t\t\t\t\t\t\t\t\t\t<\/div>\n\t\t\t\t<\/div>\n\t\t\t\t<div class=\"elementor-element elementor-element-e16fc03 elementor-widget elementor-widget-image\" data-id=\"e16fc03\" data-element_type=\"widget\" data-settings=\"{&quot;ekit_we_effect_on&quot;:&quot;none&quot;}\" data-widget_type=\"image.default\">\n\t\t\t\t<div class=\"elementor-widget-container\">\n\t\t\t\t\t\t\t\t\t\t\t\t\t\t\t<img loading=\"lazy\" decoding=\"async\" width=\"384\" height=\"384\" src=\"https:\/\/distinctpersonality.shop\/wp-content\/uploads\/2026\/03\/ae7638b2963c4dd89185beb699130c81.jpegtplv-a9rns2rl98-downsize_watermark_1_5_b-4.png\" class=\"attachment-large size-large wp-image-14714 wvs-archive-product-image\" alt=\"\" srcset=\"https:\/\/distinctpersonality.shop\/wp-content\/uploads\/2026\/03\/ae7638b2963c4dd89185beb699130c81.jpegtplv-a9rns2rl98-downsize_watermark_1_5_b-4.png 384w, https:\/\/distinctpersonality.shop\/wp-content\/uploads\/2026\/03\/ae7638b2963c4dd89185beb699130c81.jpegtplv-a9rns2rl98-downsize_watermark_1_5_b-4-300x300.png 300w, https:\/\/distinctpersonality.shop\/wp-content\/uploads\/2026\/03\/ae7638b2963c4dd89185beb699130c81.jpegtplv-a9rns2rl98-downsize_watermark_1_5_b-4-150x150.png 150w, https:\/\/distinctpersonality.shop\/wp-content\/uploads\/2026\/03\/ae7638b2963c4dd89185beb699130c81.jpegtplv-a9rns2rl98-downsize_watermark_1_5_b-4-12x12.png 12w, https:\/\/distinctpersonality.shop\/wp-content\/uploads\/2026\/03\/ae7638b2963c4dd89185beb699130c81.jpegtplv-a9rns2rl98-downsize_watermark_1_5_b-4-100x100.png 100w, https:\/\/distinctpersonality.shop\/wp-content\/uploads\/2026\/03\/ae7638b2963c4dd89185beb699130c81.jpegtplv-a9rns2rl98-downsize_watermark_1_5_b-4-50x50.png 50w, https:\/\/distinctpersonality.shop\/wp-content\/uploads\/2026\/03\/ae7638b2963c4dd89185beb699130c81.jpegtplv-a9rns2rl98-downsize_watermark_1_5_b-4-1x1.png 1w, https:\/\/distinctpersonality.shop\/wp-content\/uploads\/2026\/03\/ae7638b2963c4dd89185beb699130c81.jpegtplv-a9rns2rl98-downsize_watermark_1_5_b-4-10x10.png 10w\" sizes=\"auto, (max-width: 384px) 100vw, 384px\" \/>\t\t\t\t\t\t\t\t\t\t\t\t\t\t\t<\/div>\n\t\t\t\t<\/div>\n\t\t\t\t<div class=\"elementor-element elementor-element-19066606 elementor-widget elementor-widget-image\" data-id=\"19066606\" data-element_type=\"widget\" data-settings=\"{&quot;ekit_we_effect_on&quot;:&quot;none&quot;}\" data-widget_type=\"image.default\">\n\t\t\t\t<div class=\"elementor-widget-container\">\n\t\t\t\t\t\t\t\t\t\t\t\t\t\t\t<img loading=\"lazy\" decoding=\"async\" width=\"384\" height=\"384\" src=\"https:\/\/distinctpersonality.shop\/wp-content\/uploads\/2026\/03\/2bc5d117ca444dc9800a1dc32bb7aec8.jpegtplv-a9rns2rl98-downsize_watermark_1_5_b-4.png\" class=\"attachment-large size-large wp-image-14715 wvs-archive-product-image\" alt=\"\" srcset=\"https:\/\/distinctpersonality.shop\/wp-content\/uploads\/2026\/03\/2bc5d117ca444dc9800a1dc32bb7aec8.jpegtplv-a9rns2rl98-downsize_watermark_1_5_b-4.png 384w, https:\/\/distinctpersonality.shop\/wp-content\/uploads\/2026\/03\/2bc5d117ca444dc9800a1dc32bb7aec8.jpegtplv-a9rns2rl98-downsize_watermark_1_5_b-4-300x300.png 300w, https:\/\/distinctpersonality.shop\/wp-content\/uploads\/2026\/03\/2bc5d117ca444dc9800a1dc32bb7aec8.jpegtplv-a9rns2rl98-downsize_watermark_1_5_b-4-150x150.png 150w, https:\/\/distinctpersonality.shop\/wp-content\/uploads\/2026\/03\/2bc5d117ca444dc9800a1dc32bb7aec8.jpegtplv-a9rns2rl98-downsize_watermark_1_5_b-4-12x12.png 12w, https:\/\/distinctpersonality.shop\/wp-content\/uploads\/2026\/03\/2bc5d117ca444dc9800a1dc32bb7aec8.jpegtplv-a9rns2rl98-downsize_watermark_1_5_b-4-100x100.png 100w, https:\/\/distinctpersonality.shop\/wp-content\/uploads\/2026\/03\/2bc5d117ca444dc9800a1dc32bb7aec8.jpegtplv-a9rns2rl98-downsize_watermark_1_5_b-4-50x50.png 50w, https:\/\/distinctpersonality.shop\/wp-content\/uploads\/2026\/03\/2bc5d117ca444dc9800a1dc32bb7aec8.jpegtplv-a9rns2rl98-downsize_watermark_1_5_b-4-1x1.png 1w, https:\/\/distinctpersonality.shop\/wp-content\/uploads\/2026\/03\/2bc5d117ca444dc9800a1dc32bb7aec8.jpegtplv-a9rns2rl98-downsize_watermark_1_5_b-4-10x10.png 10w\" sizes=\"auto, (max-width: 384px) 100vw, 384px\" \/>\t\t\t\t\t\t\t\t\t\t\t\t\t\t\t<\/div>\n\t\t\t\t<\/div>\n\t\t\t\t<div class=\"elementor-element elementor-element-51b404a7 elementor-widget elementor-widget-image\" data-id=\"51b404a7\" data-element_type=\"widget\" data-settings=\"{&quot;ekit_we_effect_on&quot;:&quot;none&quot;}\" data-widget_type=\"image.default\">\n\t\t\t\t<div class=\"elementor-widget-container\">\n\t\t\t\t\t\t\t\t\t\t\t\t\t\t\t<img loading=\"lazy\" decoding=\"async\" width=\"384\" height=\"384\" src=\"https:\/\/distinctpersonality.shop\/wp-content\/uploads\/2026\/03\/ec20d993e3b1413daf2ec22bdcf33c71.jpegtplv-a9rns2rl98-downsize_watermark_1_5_b-4.png\" class=\"attachment-large size-large wp-image-14716 wvs-archive-product-image\" alt=\"\" srcset=\"https:\/\/distinctpersonality.shop\/wp-content\/uploads\/2026\/03\/ec20d993e3b1413daf2ec22bdcf33c71.jpegtplv-a9rns2rl98-downsize_watermark_1_5_b-4.png 384w, https:\/\/distinctpersonality.shop\/wp-content\/uploads\/2026\/03\/ec20d993e3b1413daf2ec22bdcf33c71.jpegtplv-a9rns2rl98-downsize_watermark_1_5_b-4-300x300.png 300w, https:\/\/distinctpersonality.shop\/wp-content\/uploads\/2026\/03\/ec20d993e3b1413daf2ec22bdcf33c71.jpegtplv-a9rns2rl98-downsize_watermark_1_5_b-4-150x150.png 150w, https:\/\/distinctpersonality.shop\/wp-content\/uploads\/2026\/03\/ec20d993e3b1413daf2ec22bdcf33c71.jpegtplv-a9rns2rl98-downsize_watermark_1_5_b-4-12x12.png 12w, https:\/\/distinctpersonality.shop\/wp-content\/uploads\/2026\/03\/ec20d993e3b1413daf2ec22bdcf33c71.jpegtplv-a9rns2rl98-downsize_watermark_1_5_b-4-100x100.png 100w, https:\/\/distinctpersonality.shop\/wp-content\/uploads\/2026\/03\/ec20d993e3b1413daf2ec22bdcf33c71.jpegtplv-a9rns2rl98-downsize_watermark_1_5_b-4-50x50.png 50w, https:\/\/distinctpersonality.shop\/wp-content\/uploads\/2026\/03\/ec20d993e3b1413daf2ec22bdcf33c71.jpegtplv-a9rns2rl98-downsize_watermark_1_5_b-4-1x1.png 1w, https:\/\/distinctpersonality.shop\/wp-content\/uploads\/2026\/03\/ec20d993e3b1413daf2ec22bdcf33c71.jpegtplv-a9rns2rl98-downsize_watermark_1_5_b-4-10x10.png 10w\" sizes=\"auto, (max-width: 384px) 100vw, 384px\" \/>\t\t\t\t\t\t\t\t\t\t\t\t\t\t\t<\/div>\n\t\t\t\t<\/div>\n\t\t\t\t<div class=\"elementor-element elementor-element-74dc76cc elementor-widget elementor-widget-image\" data-id=\"74dc76cc\" data-element_type=\"widget\" data-settings=\"{&quot;ekit_we_effect_on&quot;:&quot;none&quot;}\" data-widget_type=\"image.default\">\n\t\t\t\t<div class=\"elementor-widget-container\">\n\t\t\t\t\t\t\t\t\t\t\t\t\t\t\t<img loading=\"lazy\" decoding=\"async\" width=\"800\" height=\"777\" src=\"https:\/\/distinctpersonality.shop\/wp-content\/uploads\/2026\/03\/c0af1e2a0e494e65ae29eb283c3d0d1ftplv-t5fjg24jzw-resize-webp_800_800-5.webp\" class=\"attachment-large size-large wp-image-14717 wvs-archive-product-image\" alt=\"\" srcset=\"https:\/\/distinctpersonality.shop\/wp-content\/uploads\/2026\/03\/c0af1e2a0e494e65ae29eb283c3d0d1ftplv-t5fjg24jzw-resize-webp_800_800-5.webp 800w, https:\/\/distinctpersonality.shop\/wp-content\/uploads\/2026\/03\/c0af1e2a0e494e65ae29eb283c3d0d1ftplv-t5fjg24jzw-resize-webp_800_800-5-300x291.webp 300w, https:\/\/distinctpersonality.shop\/wp-content\/uploads\/2026\/03\/c0af1e2a0e494e65ae29eb283c3d0d1ftplv-t5fjg24jzw-resize-webp_800_800-5-768x746.webp 768w, https:\/\/distinctpersonality.shop\/wp-content\/uploads\/2026\/03\/c0af1e2a0e494e65ae29eb283c3d0d1ftplv-t5fjg24jzw-resize-webp_800_800-5-12x12.webp 12w, https:\/\/distinctpersonality.shop\/wp-content\/uploads\/2026\/03\/c0af1e2a0e494e65ae29eb283c3d0d1ftplv-t5fjg24jzw-resize-webp_800_800-5-600x583.webp 600w, https:\/\/distinctpersonality.shop\/wp-content\/uploads\/2026\/03\/c0af1e2a0e494e65ae29eb283c3d0d1ftplv-t5fjg24jzw-resize-webp_800_800-5-50x50.webp 50w, https:\/\/distinctpersonality.shop\/wp-content\/uploads\/2026\/03\/c0af1e2a0e494e65ae29eb283c3d0d1ftplv-t5fjg24jzw-resize-webp_800_800-5-1x1.webp 1w, https:\/\/distinctpersonality.shop\/wp-content\/uploads\/2026\/03\/c0af1e2a0e494e65ae29eb283c3d0d1ftplv-t5fjg24jzw-resize-webp_800_800-5-10x10.webp 10w\" sizes=\"auto, (max-width: 800px) 100vw, 800px\" \/>\t\t\t\t\t\t\t\t\t\t\t\t\t\t\t<\/div>\n\t\t\t\t<\/div>\n\t\t\t\t<div class=\"elementor-element elementor-element-1a836063 elementor-widget elementor-widget-image\" data-id=\"1a836063\" data-element_type=\"widget\" data-settings=\"{&quot;ekit_we_effect_on&quot;:&quot;none&quot;}\" data-widget_type=\"image.default\">\n\t\t\t\t<div class=\"elementor-widget-container\">\n\t\t\t\t\t\t\t\t\t\t\t\t\t\t\t<img loading=\"lazy\" decoding=\"async\" width=\"522\" height=\"522\" src=\"https:\/\/distinctpersonality.shop\/wp-content\/uploads\/2026\/03\/0f27a16c8a274d71b31f13c930d346a9tplv-t5fjg24jzw-resize-webp_800_800-3.webp\" class=\"attachment-large size-large wp-image-14718 wvs-archive-product-image\" alt=\"\" srcset=\"https:\/\/distinctpersonality.shop\/wp-content\/uploads\/2026\/03\/0f27a16c8a274d71b31f13c930d346a9tplv-t5fjg24jzw-resize-webp_800_800-3.webp 522w, https:\/\/distinctpersonality.shop\/wp-content\/uploads\/2026\/03\/0f27a16c8a274d71b31f13c930d346a9tplv-t5fjg24jzw-resize-webp_800_800-3-300x300.webp 300w, https:\/\/distinctpersonality.shop\/wp-content\/uploads\/2026\/03\/0f27a16c8a274d71b31f13c930d346a9tplv-t5fjg24jzw-resize-webp_800_800-3-150x150.webp 150w, https:\/\/distinctpersonality.shop\/wp-content\/uploads\/2026\/03\/0f27a16c8a274d71b31f13c930d346a9tplv-t5fjg24jzw-resize-webp_800_800-3-12x12.webp 12w, https:\/\/distinctpersonality.shop\/wp-content\/uploads\/2026\/03\/0f27a16c8a274d71b31f13c930d346a9tplv-t5fjg24jzw-resize-webp_800_800-3-100x100.webp 100w, https:\/\/distinctpersonality.shop\/wp-content\/uploads\/2026\/03\/0f27a16c8a274d71b31f13c930d346a9tplv-t5fjg24jzw-resize-webp_800_800-3-50x50.webp 50w, https:\/\/distinctpersonality.shop\/wp-content\/uploads\/2026\/03\/0f27a16c8a274d71b31f13c930d346a9tplv-t5fjg24jzw-resize-webp_800_800-3-1x1.webp 1w, https:\/\/distinctpersonality.shop\/wp-content\/uploads\/2026\/03\/0f27a16c8a274d71b31f13c930d346a9tplv-t5fjg24jzw-resize-webp_800_800-3-10x10.webp 10w\" sizes=\"auto, (max-width: 522px) 100vw, 522px\" \/>\t\t\t\t\t\t\t\t\t\t\t\t\t\t\t<\/div>\n\t\t\t\t<\/div>\n\t\t\t\t<div class=\"elementor-element elementor-element-a6fd14a elementor-widget elementor-widget-image\" data-id=\"a6fd14a\" data-element_type=\"widget\" data-settings=\"{&quot;ekit_we_effect_on&quot;:&quot;none&quot;}\" data-widget_type=\"image.default\">\n\t\t\t\t<div class=\"elementor-widget-container\">\n\t\t\t\t\t\t\t\t\t\t\t\t\t\t\t<img loading=\"lazy\" decoding=\"async\" width=\"522\" height=\"522\" src=\"https:\/\/distinctpersonality.shop\/wp-content\/uploads\/2026\/03\/67d38af038fa42b5bf560dde8aba9090tplv-t5fjg24jzw-resize-webp_800_800-3.webp\" class=\"attachment-large size-large wp-image-14719 wvs-archive-product-image\" alt=\"\" srcset=\"https:\/\/distinctpersonality.shop\/wp-content\/uploads\/2026\/03\/67d38af038fa42b5bf560dde8aba9090tplv-t5fjg24jzw-resize-webp_800_800-3.webp 522w, https:\/\/distinctpersonality.shop\/wp-content\/uploads\/2026\/03\/67d38af038fa42b5bf560dde8aba9090tplv-t5fjg24jzw-resize-webp_800_800-3-300x300.webp 300w, https:\/\/distinctpersonality.shop\/wp-content\/uploads\/2026\/03\/67d38af038fa42b5bf560dde8aba9090tplv-t5fjg24jzw-resize-webp_800_800-3-150x150.webp 150w, https:\/\/distinctpersonality.shop\/wp-content\/uploads\/2026\/03\/67d38af038fa42b5bf560dde8aba9090tplv-t5fjg24jzw-resize-webp_800_800-3-12x12.webp 12w, https:\/\/distinctpersonality.shop\/wp-content\/uploads\/2026\/03\/67d38af038fa42b5bf560dde8aba9090tplv-t5fjg24jzw-resize-webp_800_800-3-100x100.webp 100w, https:\/\/distinctpersonality.shop\/wp-content\/uploads\/2026\/03\/67d38af038fa42b5bf560dde8aba9090tplv-t5fjg24jzw-resize-webp_800_800-3-50x50.webp 50w, https:\/\/distinctpersonality.shop\/wp-content\/uploads\/2026\/03\/67d38af038fa42b5bf560dde8aba9090tplv-t5fjg24jzw-resize-webp_800_800-3-1x1.webp 1w, https:\/\/distinctpersonality.shop\/wp-content\/uploads\/2026\/03\/67d38af038fa42b5bf560dde8aba9090tplv-t5fjg24jzw-resize-webp_800_800-3-10x10.webp 10w\" sizes=\"auto, (max-width: 522px) 100vw, 522px\" \/>\t\t\t\t\t\t\t\t\t\t\t\t\t\t\t<\/div>\n\t\t\t\t<\/div>\n\t\t\t\t\t<\/div>\n\t\t\t\t<\/div>\n\t\t<div class=\"elementor-element elementor-element-7cdd5c2c e-flex e-con-boxed e-con e-parent\" data-id=\"7cdd5c2c\" data-element_type=\"container\" data-settings=\"{&quot;ekit_has_onepagescroll_dot&quot;:&quot;yes&quot;}\">\n\t\t\t\t\t<div class=\"e-con-inner\">\n\t\t\t\t<div class=\"elementor-element elementor-element-1a652fe4 elementor-widget elementor-widget-text-editor\" data-id=\"1a652fe4\" data-element_type=\"widget\" data-settings=\"{&quot;ekit_we_effect_on&quot;:&quot;none&quot;}\" data-widget_type=\"text-editor.default\">\n\t\t\t\t<div class=\"elementor-widget-container\">\n\t\t\t\t\t\t\t\t\t<div class=\"elementor-widget-container\">\nProduktinformationen\n<div class=\"product-table\"><div class=\"product-row\"><div class=\"product-label\">Besondere Merkmale<\/div><div class=\"product-value\">XXL-Probegr\u00f6\u00dfe, Kosteng\u00fcnstig, Praktische Verpackung, Vollwertige Wirkung, Einfache Anwendung<\/div><\/div><div class=\"product-row\"><div class=\"product-label\"><strong>Farbe<\/strong><\/div><div class=\"product-value\"><strong>Typabh\u00e4ngig (Originalfarbe)<\/strong><\/div><\/div><div class=\"product-row\"><div class=\"product-label\"><strong>Marke<\/strong><\/div><div class=\"product-value\"><strong>Netto<\/strong><\/div><\/div><div class=\"product-row\"><div class=\"product-label\"><strong>Produktart<\/strong><\/div><div class=\"product-value\"><strong>XXL Probepackung<\/strong><\/div><\/div><div class=\"product-row\"><div class=\"product-label\"><strong>Artikelgewicht<\/strong><\/div><div class=\"product-value\"><strong>XXL-Gr\u00f6\u00dfe, ausreichend f\u00fcr Testphase<\/strong><\/div><\/div><div class=\"product-row\"><div class=\"product-label\"><strong>Enthaltene Komponenten<\/strong><\/div><div class=\"product-value\"><strong>1 x Netto XXL Probepackung (vollwertige Testmenge)<\/strong><\/div><\/div><div class=\"product-row\"><div class=\"product-label\"><strong>Hersteller<\/strong><\/div><div class=\"product-value\"><strong>Netto<\/strong><\/div><\/div><div class=\"product-row\"><div class=\"product-label\"><strong>ASIN<\/strong><\/div><div class=\"product-value\"><strong>B0D7F9X2SA<\/strong><\/div><\/div><div class=\"product-row\"><div class=\"product-label\"><strong>Produktmodellnummer<\/strong><\/div><div class=\"product-value\"><strong>NET-XXL-PB<\/strong><\/div><\/div><div class=\"product-row\"><div class=\"product-label\"><strong>Durchschnittliche Kundenbewertung<\/strong><\/div><div class=\"product-value\"><strong>4,7 \u2605\u2605\u2605\u2605\u2606 (1256) 4,7 von 5 Sternen<\/strong><\/div><\/div><div class=\"product-row\"><div class=\"product-label\"><strong>Platzierung in den Amazon Bestsellern<\/strong><\/div><div class=\"product-value\"><strong>Nr.3.892 in Drogerie &amp; K\u00f6rperpflege, Nr.15 in Probeverpackungen<\/strong><\/div><\/div><div class=\"product-row\"><div class=\"product-label\"><strong>Produkt seit auf amazon.com <\/strong><\/div><div class=\"product-value\"><strong>05. August 2025<\/strong><\/div><\/div><\/div><style>.product-table {width: 100%;border-top: 1px solid #000;font-family: Arial, sans-serif;}.product-row {display: flex;border-bottom: 1px solid #000;padding: 12px 0;}.product-label {flex: 1;font-weight: bold;min-width: 200px;padding-right: 20px;}.product-value {flex: 1;min-width: 200px;}<\/style>\n\t\t\t\t\t\t\t\t<\/div>\n\t\t\t\t<\/div>\n\t\t\t\t\t<\/div>\n\t\t\t\t<\/div>\n\t\t\t\t<\/div>","protected":false},"excerpt":{"rendered":"<p>Produktinformationen Besondere MerkmaleXXL-Probegr\u00f6\u00dfe, Kosteng\u00fcnstig, Praktische Verpackung, Vollwertige Wirkung, Einfache AnwendungFarbeTypabh\u00e4ngig (Originalfarbe)MarkeNettoProduktartXXL ProbeverpackungArtikelgewichtXXL-Gr\u00f6\u00dfe, ausreichend f\u00fcr TestphaseEnthaltene Komponenten1 x Netto XXL Probeverpackung&#8230;<\/p>","protected":false},"featured_media":14213,"comment_status":"open","ping_status":"closed","template":"","meta":{"_acf_changed":false},"etheme_brands":[],"product_brand":[],"product_cat":[118],"product_tag":[],"class_list":{"0":"post-14212","1":"product","2":"type-product","3":"status-publish","4":"has-post-thumbnail","6":"product_cat-sale-shop","8":"first","9":"instock","10":"sale","11":"shipping-taxable","12":"purchasable","13":"product-type-simple"},"acf":[],"_links":{"self":[{"href":"https:\/\/distinctpersonality.shop\/de\/wp-json\/wp\/v2\/product\/14212","targetHints":{"allow":["GET"]}}],"collection":[{"href":"https:\/\/distinctpersonality.shop\/de\/wp-json\/wp\/v2\/product"}],"about":[{"href":"https:\/\/distinctpersonality.shop\/de\/wp-json\/wp\/v2\/types\/product"}],"replies":[{"embeddable":true,"href":"https:\/\/distinctpersonality.shop\/de\/wp-json\/wp\/v2\/comments?post=14212"}],"version-history":[{"count":4,"href":"https:\/\/distinctpersonality.shop\/de\/wp-json\/wp\/v2\/product\/14212\/revisions"}],"predecessor-version":[{"id":14727,"href":"https:\/\/distinctpersonality.shop\/de\/wp-json\/wp\/v2\/product\/14212\/revisions\/14727"}],"wp:featuredmedia":[{"embeddable":true,"href":"https:\/\/distinctpersonality.shop\/de\/wp-json\/wp\/v2\/media\/14213"}],"wp:attachment":[{"href":"https:\/\/distinctpersonality.shop\/de\/wp-json\/wp\/v2\/media?parent=14212"}],"wp:term":[{"taxonomy":"brand","embeddable":true,"href":"https:\/\/distinctpersonality.shop\/de\/wp-json\/wp\/v2\/etheme_brands?post=14212"},{"taxonomy":"product_brand","embeddable":true,"href":"https:\/\/distinctpersonality.shop\/de\/wp-json\/wp\/v2\/product_brand?post=14212"},{"taxonomy":"product_cat","embeddable":true,"href":"https:\/\/distinctpersonality.shop\/de\/wp-json\/wp\/v2\/product_cat?post=14212"},{"taxonomy":"product_tag","embeddable":true,"href":"https:\/\/distinctpersonality.shop\/de\/wp-json\/wp\/v2\/product_tag?post=14212"}],"curies":[{"name":"wp","href":"https:\/\/api.w.org\/{rel}","templated":true}]}}